{"id":1263,"date":"2024-10-08T08:13:26","date_gmt":"2024-10-08T08:13:26","guid":{"rendered":"https:\/\/oficinaagenterehabilitador.es\/?page_id=1263"},"modified":"2025-01-14T10:24:38","modified_gmt":"2025-01-14T09:24:38","slug":"contacto-clientes","status":"publish","type":"page","link":"https:\/\/oficinaagenterehabilitador.es\/index.php\/contacto-clientes\/","title":{"rendered":"Contacto para Clientes | Oficina Agente Rehabilitador en Jerez &#8211; C\u00e1diz"},"content":{"rendered":"\t\t<div data-elementor-type=\"wp-page\" data-elementor-id=\"1263\" class=\"elementor elementor-1263\" data-elementor-post-type=\"page\">\n\t\t\t\t<div class=\"elementor-element elementor-element-badc950 e-con-full e-flex e-con e-parent\" data-id=\"badc950\" data-element_type=\"container\" data-e-type=\"container\" data-settings=\"{&quot;background_background&quot;:&quot;classic&quot;}\">\n\t\t<div class=\"elementor-element elementor-element-05b938a e-con-full e-flex e-con e-child\" data-id=\"05b938a\" data-element_type=\"container\" data-e-type=\"container\">\n\t\t\t\t<div class=\"elementor-element elementor-element-735b1d9 elementor-widget elementor-widget-heading\" data-id=\"735b1d9\" data-element_type=\"widget\" data-e-type=\"widget\" data-widget_type=\"heading.default\">\n\t\t\t\t<div class=\"elementor-widget-container\">\n\t\t\t\t\t<h1 class=\"elementor-heading-title elementor-size-default\">cONTACTO PARA CLIENTES<\/h1>\t\t\t\t<\/div>\n\t\t\t\t<\/div>\n\t\t\t\t<\/div>\n\t\t\t\t<\/div>\n\t\t\t\t<section class=\"elementor-section elementor-top-section elementor-element elementor-element-tz9gu3q elementor-section-boxed elementor-section-height-default elementor-section-height-default\" data-id=\"tz9gu3q\" data-element_type=\"section\" data-e-type=\"section\" data-settings=\"{&quot;background_background&quot;:&quot;classic&quot;}\">\n\t\t\t\t\t\t<div class=\"elementor-container elementor-column-gap-no\">\n\t\t\t\t\t<div class=\"elementor-column elementor-col-50 elementor-top-column elementor-element elementor-element-5160ef2\" data-id=\"5160ef2\" data-element_type=\"column\" data-e-type=\"column\">\n\t\t\t<div class=\"elementor-widget-wrap elementor-element-populated\">\n\t\t\t\t\t\t<div class=\"elementor-element elementor-element-6164241 elementor-widget elementor-widget-heading\" data-id=\"6164241\" data-element_type=\"widget\" data-e-type=\"widget\" data-widget_type=\"heading.default\">\n\t\t\t\t<div class=\"elementor-widget-container\">\n\t\t\t\t\t<h2 class=\"elementor-heading-title elementor-size-default\">\u00bfEres ya cliente?<\/h2>\t\t\t\t<\/div>\n\t\t\t\t<\/div>\n\t\t\t\t<div class=\"elementor-element elementor-element-3e0bbe1 elementor-widget__width-initial elementor-widget elementor-widget-heading\" data-id=\"3e0bbe1\" data-element_type=\"widget\" data-e-type=\"widget\" data-widget_type=\"heading.default\">\n\t\t\t\t<div class=\"elementor-widget-container\">\n\t\t\t\t\t<h5 class=\"elementor-heading-title elementor-size-default\">Por favor, d\u00e9janos tus datos para ponernos en contacto contigo lo antes posible. Estamos aqu\u00ed para ayudarte con cualquier consulta o solicitud relacionada con la rehabilitaci\u00f3n de tu edificio.<\/h5>\t\t\t\t<\/div>\n\t\t\t\t<\/div>\n\t\t\t\t<div class=\"elementor-element elementor-element-eaebfd6 elementor-icon-list--layout-traditional elementor-list-item-link-full_width elementor-widget elementor-widget-icon-list\" data-id=\"eaebfd6\" data-element_type=\"widget\" data-e-type=\"widget\" data-widget_type=\"icon-list.default\">\n\t\t\t\t<div class=\"elementor-widget-container\">\n\t\t\t\t\t\t\t<ul class=\"elementor-icon-list-items\">\n\t\t\t\t\t\t\t<li class=\"elementor-icon-list-item\">\n\t\t\t\t\t\t\t\t\t\t\t<a href=\"#\">\n\n\t\t\t\t\t\t\t\t\t\t\t<span class=\"elementor-icon-list-text\">info@oficinaagenterehabilitador.es<\/span>\n\t\t\t\t\t\t\t\t\t\t\t<\/a>\n\t\t\t\t\t\t\t\t\t<\/li>\n\t\t\t\t\t\t<\/ul>\n\t\t\t\t\t\t<\/div>\n\t\t\t\t<\/div>\n\t\t\t\t\t<\/div>\n\t\t<\/div>\n\t\t\t\t<div class=\"elementor-column elementor-col-50 elementor-top-column elementor-element elementor-element-7a070be\" data-id=\"7a070be\" data-element_type=\"column\" data-e-type=\"column\">\n\t\t\t<div class=\"elementor-widget-wrap elementor-element-populated\">\n\t\t\t\t\t\t<div class=\"elementor-element elementor-element-195048c elementor-widget elementor-widget-heading\" data-id=\"195048c\" data-element_type=\"widget\" data-e-type=\"widget\" data-widget_type=\"heading.default\">\n\t\t\t\t<div class=\"elementor-widget-container\">\n\t\t\t\t\t<h5 class=\"elementor-heading-title elementor-size-default\">Formulario de contacto<\/h5>\t\t\t\t<\/div>\n\t\t\t\t<\/div>\n\t\t\t\t<div class=\"elementor-element elementor-element-90b0380 elementor-widget__width-initial elementor-widget elementor-widget-wpforms\" data-id=\"90b0380\" data-element_type=\"widget\" data-e-type=\"widget\" data-widget_type=\"wpforms.default\">\n\t\t\t\t<div class=\"elementor-widget-container\">\n\t\t\t\t\t<div class=\"wpforms-container \" id=\"wpforms-1170\"><form id=\"wpforms-form-1170\" class=\"wpforms-validate wpforms-form wpforms-ajax-form\" data-formid=\"1170\" method=\"post\" enctype=\"multipart\/form-data\" action=\"\/index.php\/wp-json\/wp\/v2\/pages\/1263\" data-token=\"b83aabaa4601af45fc46e255c40cb4ae\" data-token-time=\"1776425592\"><noscript class=\"wpforms-error-noscript\">Por favor, activa JavaScript en tu navegador para completar este formulario.<\/noscript><div class=\"wpforms-field-container\"><div id=\"wpforms-1170-field_0-container\" class=\"wpforms-field wpforms-field-name\" data-field-id=\"0\"><label class=\"wpforms-field-label\">Nombre <span class=\"wpforms-required-label\">*<\/span><\/label><div class=\"wpforms-field-row wpforms-field-medium\"><div class=\"wpforms-field-row-block wpforms-first wpforms-one-half\"><input type=\"text\" id=\"wpforms-1170-field_0\" class=\"wpforms-field-name-first wpforms-field-required\" name=\"wpforms[fields][0][first]\" required><label for=\"wpforms-1170-field_0\" class=\"wpforms-field-sublabel after\">Nombre<\/label><\/div><div class=\"wpforms-field-row-block wpforms-one-half\"><input type=\"text\" id=\"wpforms-1170-field_0-last\" class=\"wpforms-field-name-last wpforms-field-required\" name=\"wpforms[fields][0][last]\" required><label for=\"wpforms-1170-field_0-last\" class=\"wpforms-field-sublabel after\">Apellidos<\/label><\/div><\/div><\/div><div id=\"wpforms-1170-field_3-container\" class=\"wpforms-field wpforms-field-number\" data-field-id=\"3\"><label class=\"wpforms-field-label\" for=\"wpforms-1170-field_3\">Tel\u00e9fono <span class=\"wpforms-required-label\">*<\/span><\/label><input type=\"number\" id=\"wpforms-1170-field_3\" class=\"wpforms-field-medium wpforms-field-required\" name=\"wpforms[fields][3]\" step=\"any\" required><\/div><div id=\"wpforms-1170-field_1-container\" class=\"wpforms-field wpforms-field-email\" data-field-id=\"1\"><label class=\"wpforms-field-label\" for=\"wpforms-1170-field_1\">Correo electr\u00f3nico <span class=\"wpforms-required-label\">*<\/span><\/label><input type=\"email\" id=\"wpforms-1170-field_1\" class=\"wpforms-field-medium wpforms-field-required\" name=\"wpforms[fields][1]\" spellcheck=\"false\" required><\/div><div id=\"wpforms-1170-field_4-container\" class=\"wpforms-field wpforms-field-radio\" data-field-id=\"4\"><label class=\"wpforms-field-label\">\u00bfEres una comunidad de propietarios?<\/label><ul id=\"wpforms-1170-field_4\"><li class=\"choice-1 depth-1\"><input type=\"radio\" id=\"wpforms-1170-field_4_1\" name=\"wpforms[fields][4]\" value=\"Si\"  ><label class=\"wpforms-field-label-inline\" for=\"wpforms-1170-field_4_1\">Si<\/label><\/li><li class=\"choice-2 depth-1\"><input type=\"radio\" id=\"wpforms-1170-field_4_2\" name=\"wpforms[fields][4]\" value=\"No\"  ><label class=\"wpforms-field-label-inline\" for=\"wpforms-1170-field_4_2\">No<\/label><\/li><\/ul><\/div><div id=\"wpforms-1170-field_6-container\" class=\"wpforms-field wpforms-field-text\" data-field-id=\"6\"><label class=\"wpforms-field-label\" for=\"wpforms-1170-field_6\">Nombre de tu comunidad<\/label><input type=\"text\" id=\"wpforms-1170-field_6\" class=\"wpforms-field-medium\" name=\"wpforms[fields][6]\" ><\/div><div id=\"wpforms-1170-field_7-container\" class=\"wpforms-field wpforms-field-number\" data-field-id=\"7\"><label class=\"wpforms-field-label\" for=\"wpforms-1170-field_7\">\u00bfCu\u00e1ntas viviendas hay en el edificio?<\/label><input type=\"number\" id=\"wpforms-1170-field_7\" class=\"wpforms-field-medium\" name=\"wpforms[fields][7]\" step=\"any\" ><\/div><div id=\"wpforms-1170-field_9-container\" class=\"wpforms-field wpforms-field-radio\" data-field-id=\"9\"><label class=\"wpforms-field-label\">\u00bfHay alg\u00fan local?<\/label><ul id=\"wpforms-1170-field_9\"><li class=\"choice-1 depth-1\"><input type=\"radio\" id=\"wpforms-1170-field_9_1\" name=\"wpforms[fields][9]\" value=\"Si\"  ><label class=\"wpforms-field-label-inline\" for=\"wpforms-1170-field_9_1\">Si<\/label><\/li><li class=\"choice-2 depth-1\"><input type=\"radio\" id=\"wpforms-1170-field_9_2\" name=\"wpforms[fields][9]\" value=\"No\"  ><label class=\"wpforms-field-label-inline\" for=\"wpforms-1170-field_9_2\">No<\/label><\/li><\/ul><\/div><div id=\"wpforms-1170-field_2-container\" class=\"wpforms-field wpforms-field-textarea\" data-field-id=\"2\"><label class=\"wpforms-field-label\" for=\"wpforms-1170-field_2\">Situaci\u00f3n exacta <span class=\"wpforms-required-label\">*<\/span><\/label><textarea id=\"wpforms-1170-field_2\" class=\"wpforms-field-medium wpforms-field-required\" name=\"wpforms[fields][2]\" required><\/textarea><\/div><\/div><!-- .wpforms-field-container --><div class=\"wpforms-submit-container\" ><input type=\"hidden\" name=\"wpforms[id]\" value=\"1170\"><input type=\"hidden\" name=\"page_title\" value=\"\"><input type=\"hidden\" name=\"page_url\" value=\"https:\/\/oficinaagenterehabilitador.es\/index.php\/wp-json\/wp\/v2\/pages\/1263\"><input type=\"hidden\" name=\"url_referer\" value=\"\"><button type=\"submit\" name=\"wpforms[submit]\" id=\"wpforms-submit-1170\" class=\"wpforms-submit\" data-alt-text=\"Enviando...\" data-submit-text=\"Enviar\" aria-live=\"assertive\" value=\"wpforms-submit\">Enviar<\/button><img decoding=\"async\" src=\"https:\/\/oficinaagenterehabilitador.es\/wp-content\/plugins\/wpforms-lite\/assets\/images\/submit-spin.svg\" class=\"wpforms-submit-spinner\" style=\"display: none;\" width=\"26\" height=\"26\" alt=\"Cargando\"><\/div><\/form><\/div>  <!-- .wpforms-container -->\t\t\t\t<\/div>\n\t\t\t\t<\/div>\n\t\t\t\t\t<\/div>\n\t\t<\/div>\n\t\t\t\t\t<\/div>\n\t\t<\/section>\n\t\t\t\t<\/div>\n\t\t","protected":false},"excerpt":{"rendered":"<p>cONTACTO PARA CLIENTES \u00bfEres ya cliente? Por favor, d\u00e9janos tus datos para ponernos en contacto contigo lo antes posible. Estamos aqu\u00ed para ayudarte con cualquier consulta o solicitud relacionada con la rehabilitaci\u00f3n de tu edificio. info@oficinaagenterehabilitador.es Formulario de contacto Por favor, activa JavaScript en tu navegador para completar este formulario.Nombre *NombreApellidosTel\u00e9fono *Correo electr\u00f3nico *\u00bfEres una [&hellip;]<\/p>\n","protected":false},"author":1,"featured_media":0,"parent":0,"menu_order":0,"comment_status":"closed","ping_status":"closed","template":"","meta":{"content-type":"","site-sidebar-layout":"no-sidebar","site-content-layout":"page-builder","ast-site-content-layout":"default","site-content-style":"default","site-sidebar-style":"default","ast-global-header-display":"","ast-banner-title-visibility":"","ast-main-header-display":"","ast-hfb-above-header-display":"","ast-hfb-below-header-display":"","ast-hfb-mobile-header-display":"","site-post-title":"disabled","ast-breadcrumbs-content":"","ast-featured-img":"","footer-sml-layout":"","ast-disable-related-posts":"","theme-transparent-header-meta":"enabled","adv-header-id-meta":"","stick-header-meta":"","header-above-stick-meta":"","header-main-stick-meta":"","header-below-stick-meta":"","astra-migrate-meta-layouts":"default","ast-page-background-enabled":"default","ast-page-background-meta":{"desktop":{"background-color":"","background-image":"","background-repeat":"repeat","background-position":"center center","background-size":"auto","background-attachment":"scroll","background-type":"","background-media":"","overlay-type":"","overlay-color":"","overlay-opacity":"","overlay-gradient":""},"tablet":{"background-color":"","background-image":"","background-repeat":"repeat","background-position":"center center","background-size":"auto","background-attachment":"scroll","background-type":"","background-media":"","overlay-type":"","overlay-color":"","overlay-opacity":"","overlay-gradient":""},"mobile":{"background-color":"","background-image":"","background-repeat":"repeat","background-position":"center center","background-size":"auto","background-attachment":"scroll","background-type":"","background-media":"","overlay-type":"","overlay-color":"","overlay-opacity":"","overlay-gradient":""}},"ast-content-background-meta":{"desktop":{"background-color":"var(--ast-global-color-5)","background-image":"","background-repeat":"repeat","background-position":"center center","background-size":"auto","background-attachment":"scroll","background-type":"","background-media":"","overlay-type":"","overlay-color":"","overlay-opacity":"","overlay-gradient":""},"tablet":{"background-color":"var(--ast-global-color-5)","background-image":"","background-repeat":"repeat","background-position":"center center","background-size":"auto","background-attachment":"scroll","background-type":"","background-media":"","overlay-type":"","overlay-color":"","overlay-opacity":"","overlay-gradient":""},"mobile":{"background-color":"var(--ast-global-color-5)","background-image":"","background-repeat":"repeat","background-position":"center center","background-size":"auto","background-attachment":"scroll","background-type":"","background-media":"","overlay-type":"","overlay-color":"","overlay-opacity":"","overlay-gradient":""}},"footnotes":""},"class_list":["post-1263","page","type-page","status-publish","hentry"],"yoast_head":"<!-- This site is optimized with the Yoast SEO plugin v27.3 - https:\/\/yoast.com\/product\/yoast-seo-wordpress\/ -->\n<title>Contacto para Clientes | Oficina Agente Rehabilitador en Jerez - C\u00e1diz - Oficina Agente Rehabilitador<\/title>\n<meta name=\"robots\" content=\"index, follow, max-snippet:-1, max-image-preview:large, max-video-preview:-1\" \/>\n<link rel=\"canonical\" href=\"https:\/\/oficinaagenterehabilitador.es\/index.php\/contacto-clientes\/\" \/>\n<meta property=\"og:locale\" content=\"es_ES\" \/>\n<meta property=\"og:type\" content=\"article\" \/>\n<meta property=\"og:title\" content=\"Contacto para Clientes | Oficina Agente Rehabilitador en Jerez - C\u00e1diz - Oficina Agente Rehabilitador\" \/>\n<meta property=\"og:description\" content=\"cONTACTO PARA CLIENTES \u00bfEres ya cliente? Por favor, d\u00e9janos tus datos para ponernos en contacto contigo lo antes posible. Estamos aqu\u00ed para ayudarte con cualquier consulta o solicitud relacionada con la rehabilitaci\u00f3n de tu edificio. info@oficinaagenterehabilitador.es Formulario de contacto Por favor, activa JavaScript en tu navegador para completar este formulario.Nombre *NombreApellidosTel\u00e9fono *Correo electr\u00f3nico *\u00bfEres una [&hellip;]\" \/>\n<meta property=\"og:url\" content=\"https:\/\/oficinaagenterehabilitador.es\/index.php\/contacto-clientes\/\" \/>\n<meta property=\"og:site_name\" content=\"Oficina Agente Rehabilitador\" \/>\n<meta property=\"article:modified_time\" content=\"2025-01-14T09:24:38+00:00\" \/>\n<meta property=\"og:image\" content=\"https:\/\/oficinaagenterehabilitador.es\/wp-content\/plugins\/wpforms-lite\/assets\/images\/submit-spin.svg\" \/>\n<meta name=\"twitter:card\" content=\"summary_large_image\" \/>\n<meta name=\"twitter:label1\" content=\"Tiempo de lectura\" \/>\n\t<meta name=\"twitter:data1\" content=\"1 minuto\" \/>\n<script type=\"application\/ld+json\" class=\"yoast-schema-graph\">{\"@context\":\"https:\\\/\\\/schema.org\",\"@graph\":[{\"@type\":\"WebPage\",\"@id\":\"https:\\\/\\\/oficinaagenterehabilitador.es\\\/index.php\\\/contacto-clientes\\\/\",\"url\":\"https:\\\/\\\/oficinaagenterehabilitador.es\\\/index.php\\\/contacto-clientes\\\/\",\"name\":\"Contacto para Clientes | Oficina Agente Rehabilitador en Jerez - C\u00e1diz - Oficina Agente Rehabilitador\",\"isPartOf\":{\"@id\":\"https:\\\/\\\/oficinaagenterehabilitador.es\\\/#website\"},\"primaryImageOfPage\":{\"@id\":\"https:\\\/\\\/oficinaagenterehabilitador.es\\\/index.php\\\/contacto-clientes\\\/#primaryimage\"},\"image\":{\"@id\":\"https:\\\/\\\/oficinaagenterehabilitador.es\\\/index.php\\\/contacto-clientes\\\/#primaryimage\"},\"thumbnailUrl\":\"https:\\\/\\\/oficinaagenterehabilitador.es\\\/wp-content\\\/plugins\\\/wpforms-lite\\\/assets\\\/images\\\/submit-spin.svg\",\"datePublished\":\"2024-10-08T08:13:26+00:00\",\"dateModified\":\"2025-01-14T09:24:38+00:00\",\"breadcrumb\":{\"@id\":\"https:\\\/\\\/oficinaagenterehabilitador.es\\\/index.php\\\/contacto-clientes\\\/#breadcrumb\"},\"inLanguage\":\"es\",\"potentialAction\":[{\"@type\":\"ReadAction\",\"target\":[\"https:\\\/\\\/oficinaagenterehabilitador.es\\\/index.php\\\/contacto-clientes\\\/\"]}]},{\"@type\":\"ImageObject\",\"inLanguage\":\"es\",\"@id\":\"https:\\\/\\\/oficinaagenterehabilitador.es\\\/index.php\\\/contacto-clientes\\\/#primaryimage\",\"url\":\"https:\\\/\\\/oficinaagenterehabilitador.es\\\/wp-content\\\/plugins\\\/wpforms-lite\\\/assets\\\/images\\\/submit-spin.svg\",\"contentUrl\":\"https:\\\/\\\/oficinaagenterehabilitador.es\\\/wp-content\\\/plugins\\\/wpforms-lite\\\/assets\\\/images\\\/submit-spin.svg\"},{\"@type\":\"BreadcrumbList\",\"@id\":\"https:\\\/\\\/oficinaagenterehabilitador.es\\\/index.php\\\/contacto-clientes\\\/#breadcrumb\",\"itemListElement\":[{\"@type\":\"ListItem\",\"position\":1,\"name\":\"Portada\",\"item\":\"https:\\\/\\\/oficinaagenterehabilitador.es\\\/\"},{\"@type\":\"ListItem\",\"position\":2,\"name\":\"Contacto para Clientes | Oficina Agente Rehabilitador en Jerez &#8211; C\u00e1diz\"}]},{\"@type\":\"WebSite\",\"@id\":\"https:\\\/\\\/oficinaagenterehabilitador.es\\\/#website\",\"url\":\"https:\\\/\\\/oficinaagenterehabilitador.es\\\/\",\"name\":\"Rehabilitaci\u00f3n de edificios en Andaluc\u00eda | Fondos NEXT GENERATION - Oficina Agente Rehabilitador\",\"description\":\"Especialistas en rehabilitaci\u00f3n de edificios en Andaluc\u00eda, gestionamos proyectos que mejoran la eficiencia energ\u00e9tica y la accesibilidad, asegurando la tramitaci\u00f3n de fondos europeos. Ofrecemos soluciones integrales para comunidades y profesionales en todo el proceso de rehabilitaci\u00f3n estructural y energ\u00e9tica.\",\"publisher\":{\"@id\":\"https:\\\/\\\/oficinaagenterehabilitador.es\\\/#organization\"},\"potentialAction\":[{\"@type\":\"SearchAction\",\"target\":{\"@type\":\"EntryPoint\",\"urlTemplate\":\"https:\\\/\\\/oficinaagenterehabilitador.es\\\/?s={search_term_string}\"},\"query-input\":{\"@type\":\"PropertyValueSpecification\",\"valueRequired\":true,\"valueName\":\"search_term_string\"}}],\"inLanguage\":\"es\"},{\"@type\":\"Organization\",\"@id\":\"https:\\\/\\\/oficinaagenterehabilitador.es\\\/#organization\",\"name\":\"Oficina Agente Rehabilitador\",\"url\":\"https:\\\/\\\/oficinaagenterehabilitador.es\\\/\",\"logo\":{\"@type\":\"ImageObject\",\"inLanguage\":\"es\",\"@id\":\"https:\\\/\\\/oficinaagenterehabilitador.es\\\/#\\\/schema\\\/logo\\\/image\\\/\",\"url\":\"http:\\\/\\\/oficinaagenterehabilitador.es\\\/wp-content\\\/uploads\\\/2024\\\/10\\\/logotipo.png\",\"contentUrl\":\"http:\\\/\\\/oficinaagenterehabilitador.es\\\/wp-content\\\/uploads\\\/2024\\\/10\\\/logotipo.png\",\"width\":998,\"height\":681,\"caption\":\"Oficina Agente Rehabilitador\"},\"image\":{\"@id\":\"https:\\\/\\\/oficinaagenterehabilitador.es\\\/#\\\/schema\\\/logo\\\/image\\\/\"},\"sameAs\":[\"https:\\\/\\\/www.instagram.com\\\/oficinaagenterehabilitador\\\/\"]}]}<\/script>\n<!-- \/ Yoast SEO plugin. -->","yoast_head_json":{"title":"Contacto para Clientes | Oficina Agente Rehabilitador en Jerez - C\u00e1diz - Oficina Agente Rehabilitador","robots":{"index":"index","follow":"follow","max-snippet":"max-snippet:-1","max-image-preview":"max-image-preview:large","max-video-preview":"max-video-preview:-1"},"canonical":"https:\/\/oficinaagenterehabilitador.es\/index.php\/contacto-clientes\/","og_locale":"es_ES","og_type":"article","og_title":"Contacto para Clientes | Oficina Agente Rehabilitador en Jerez - C\u00e1diz - Oficina Agente Rehabilitador","og_description":"cONTACTO PARA CLIENTES \u00bfEres ya cliente? Por favor, d\u00e9janos tus datos para ponernos en contacto contigo lo antes posible. Estamos aqu\u00ed para ayudarte con cualquier consulta o solicitud relacionada con la rehabilitaci\u00f3n de tu edificio. info@oficinaagenterehabilitador.es Formulario de contacto Por favor, activa JavaScript en tu navegador para completar este formulario.Nombre *NombreApellidosTel\u00e9fono *Correo electr\u00f3nico *\u00bfEres una [&hellip;]","og_url":"https:\/\/oficinaagenterehabilitador.es\/index.php\/contacto-clientes\/","og_site_name":"Oficina Agente Rehabilitador","article_modified_time":"2025-01-14T09:24:38+00:00","og_image":[{"url":"https:\/\/oficinaagenterehabilitador.es\/wp-content\/plugins\/wpforms-lite\/assets\/images\/submit-spin.svg","type":"","width":"","height":""}],"twitter_card":"summary_large_image","twitter_misc":{"Tiempo de lectura":"1 minuto"},"schema":{"@context":"https:\/\/schema.org","@graph":[{"@type":"WebPage","@id":"https:\/\/oficinaagenterehabilitador.es\/index.php\/contacto-clientes\/","url":"https:\/\/oficinaagenterehabilitador.es\/index.php\/contacto-clientes\/","name":"Contacto para Clientes | Oficina Agente Rehabilitador en Jerez - C\u00e1diz - Oficina Agente Rehabilitador","isPartOf":{"@id":"https:\/\/oficinaagenterehabilitador.es\/#website"},"primaryImageOfPage":{"@id":"https:\/\/oficinaagenterehabilitador.es\/index.php\/contacto-clientes\/#primaryimage"},"image":{"@id":"https:\/\/oficinaagenterehabilitador.es\/index.php\/contacto-clientes\/#primaryimage"},"thumbnailUrl":"https:\/\/oficinaagenterehabilitador.es\/wp-content\/plugins\/wpforms-lite\/assets\/images\/submit-spin.svg","datePublished":"2024-10-08T08:13:26+00:00","dateModified":"2025-01-14T09:24:38+00:00","breadcrumb":{"@id":"https:\/\/oficinaagenterehabilitador.es\/index.php\/contacto-clientes\/#breadcrumb"},"inLanguage":"es","potentialAction":[{"@type":"ReadAction","target":["https:\/\/oficinaagenterehabilitador.es\/index.php\/contacto-clientes\/"]}]},{"@type":"ImageObject","inLanguage":"es","@id":"https:\/\/oficinaagenterehabilitador.es\/index.php\/contacto-clientes\/#primaryimage","url":"https:\/\/oficinaagenterehabilitador.es\/wp-content\/plugins\/wpforms-lite\/assets\/images\/submit-spin.svg","contentUrl":"https:\/\/oficinaagenterehabilitador.es\/wp-content\/plugins\/wpforms-lite\/assets\/images\/submit-spin.svg"},{"@type":"BreadcrumbList","@id":"https:\/\/oficinaagenterehabilitador.es\/index.php\/contacto-clientes\/#breadcrumb","itemListElement":[{"@type":"ListItem","position":1,"name":"Portada","item":"https:\/\/oficinaagenterehabilitador.es\/"},{"@type":"ListItem","position":2,"name":"Contacto para Clientes | Oficina Agente Rehabilitador en Jerez &#8211; C\u00e1diz"}]},{"@type":"WebSite","@id":"https:\/\/oficinaagenterehabilitador.es\/#website","url":"https:\/\/oficinaagenterehabilitador.es\/","name":"Rehabilitaci\u00f3n de edificios en Andaluc\u00eda | Fondos NEXT GENERATION - Oficina Agente Rehabilitador","description":"Especialistas en rehabilitaci\u00f3n de edificios en Andaluc\u00eda, gestionamos proyectos que mejoran la eficiencia energ\u00e9tica y la accesibilidad, asegurando la tramitaci\u00f3n de fondos europeos. Ofrecemos soluciones integrales para comunidades y profesionales en todo el proceso de rehabilitaci\u00f3n estructural y energ\u00e9tica.","publisher":{"@id":"https:\/\/oficinaagenterehabilitador.es\/#organization"},"potentialAction":[{"@type":"SearchAction","target":{"@type":"EntryPoint","urlTemplate":"https:\/\/oficinaagenterehabilitador.es\/?s={search_term_string}"},"query-input":{"@type":"PropertyValueSpecification","valueRequired":true,"valueName":"search_term_string"}}],"inLanguage":"es"},{"@type":"Organization","@id":"https:\/\/oficinaagenterehabilitador.es\/#organization","name":"Oficina Agente Rehabilitador","url":"https:\/\/oficinaagenterehabilitador.es\/","logo":{"@type":"ImageObject","inLanguage":"es","@id":"https:\/\/oficinaagenterehabilitador.es\/#\/schema\/logo\/image\/","url":"http:\/\/oficinaagenterehabilitador.es\/wp-content\/uploads\/2024\/10\/logotipo.png","contentUrl":"http:\/\/oficinaagenterehabilitador.es\/wp-content\/uploads\/2024\/10\/logotipo.png","width":998,"height":681,"caption":"Oficina Agente Rehabilitador"},"image":{"@id":"https:\/\/oficinaagenterehabilitador.es\/#\/schema\/logo\/image\/"},"sameAs":["https:\/\/www.instagram.com\/oficinaagenterehabilitador\/"]}]}},"_links":{"self":[{"href":"https:\/\/oficinaagenterehabilitador.es\/index.php\/wp-json\/wp\/v2\/pages\/1263","targetHints":{"allow":["GET"]}}],"collection":[{"href":"https:\/\/oficinaagenterehabilitador.es\/index.php\/wp-json\/wp\/v2\/pages"}],"about":[{"href":"https:\/\/oficinaagenterehabilitador.es\/index.php\/wp-json\/wp\/v2\/types\/page"}],"author":[{"embeddable":true,"href":"https:\/\/oficinaagenterehabilitador.es\/index.php\/wp-json\/wp\/v2\/users\/1"}],"replies":[{"embeddable":true,"href":"https:\/\/oficinaagenterehabilitador.es\/index.php\/wp-json\/wp\/v2\/comments?post=1263"}],"version-history":[{"count":12,"href":"https:\/\/oficinaagenterehabilitador.es\/index.php\/wp-json\/wp\/v2\/pages\/1263\/revisions"}],"predecessor-version":[{"id":1548,"href":"https:\/\/oficinaagenterehabilitador.es\/index.php\/wp-json\/wp\/v2\/pages\/1263\/revisions\/1548"}],"wp:attachment":[{"href":"https:\/\/oficinaagenterehabilitador.es\/index.php\/wp-json\/wp\/v2\/media?parent=1263"}],"curies":[{"name":"wp","href":"https:\/\/api.w.org\/{rel}","templated":true}]}}