{"id":1312,"date":"2024-10-08T17:52:36","date_gmt":"2024-10-08T17:52:36","guid":{"rendered":"https:\/\/oficinaagenterehabilitador.es\/?page_id=1312"},"modified":"2024-10-21T09:51:18","modified_gmt":"2024-10-21T07:51:18","slug":"politica-de-privacidad","status":"publish","type":"page","link":"https:\/\/oficinaagenterehabilitador.es\/index.php\/politica-de-privacidad\/","title":{"rendered":"Pol\u00edtica de privacidad | Rehabilitaci\u00f3n de edificios en Jerez &#8211; C\u00e1diz"},"content":{"rendered":"\t\t<div data-elementor-type=\"wp-page\" data-elementor-id=\"1312\" class=\"elementor elementor-1312\" data-elementor-post-type=\"page\">\n\t\t\t\t\t\t<section class=\"elementor-section elementor-top-section elementor-element elementor-element-y9gu4fq elementor-section-content-top elementor-section-boxed elementor-section-height-default elementor-section-height-default\" data-id=\"y9gu4fq\" data-element_type=\"section\" data-e-type=\"section\" data-settings=\"{&quot;background_background&quot;:&quot;classic&quot;}\">\n\t\t\t\t\t\t\t<div class=\"elementor-background-overlay\"><\/div>\n\t\t\t\t\t\t\t<div class=\"elementor-container elementor-column-gap-no\">\n\t\t\t\t\t<div class=\"elementor-column elementor-col-100 elementor-top-column elementor-element elementor-element-eeba8e2\" data-id=\"eeba8e2\" data-element_type=\"column\" data-e-type=\"column\">\n\t\t\t<div class=\"elementor-widget-wrap elementor-element-populated\">\n\t\t\t\t\t\t<div class=\"elementor-element elementor-element-b65f008 elementor-widget elementor-widget-text-editor\" data-id=\"b65f008\" data-element_type=\"widget\" data-e-type=\"widget\" data-widget_type=\"text-editor.default\">\n\t\t\t\t<div class=\"elementor-widget-container\">\n\t\t\t\t\t\t\t\t\t<div><div><div><div>\u00a0<strong style=\"color: var(--ast-global-color-2); font-size: 1.375rem; font-style: inherit;\">Pol\u00edtica de Privacidad<\/strong><\/div><div><strong style=\"color: var(--ast-global-color-2); font-size: 1.375rem; font-style: inherit;\">\u00a0<\/strong><\/div><\/div><\/div><\/div><div><div dir=\"auto\" data-message-author-role=\"assistant\" data-message-id=\"80278db4-de2b-4994-a74c-a6262ebec68e\"><p><strong>1. Responsable del Tratamiento de Datos<\/strong><br \/>La entidad responsable de la recopilaci\u00f3n y tratamiento de sus datos personales es Oficina Agente Rehabilitador, con domicilio en C\/ Edgar Neville, n6., 28002, Madrid. Nos comprometemos a garantizar que su privacidad est\u00e9 protegida y que sus datos personales se utilicen de manera adecuada.<\/p><p><strong>2. Datos que Recopilamos<\/strong><br \/>Recopilamos \u00fanicamente los siguientes datos personales con el prop\u00f3sito de ponernos en contacto con nuestros clientes:<\/p><ul><li>Nombre completo<\/li><li>Direcci\u00f3n de correo electr\u00f3nico<\/li><li>N\u00famero de tel\u00e9fono<\/li><li>Ubicaci\u00f3n<\/li><\/ul><p><strong>3. Finalidad del Tratamiento de Datos<\/strong><br \/>La informaci\u00f3n proporcionada ser\u00e1 utilizada exclusivamente para las siguientes finalidades:<\/p><ul><li>Comunicarnos con usted en relaci\u00f3n a consultas, proyectos o servicios relacionados con la rehabilitaci\u00f3n de edificios.<\/li><li>Responder a sus solicitudes de informaci\u00f3n o asistencia.<\/li><\/ul><p><strong>4. Conservaci\u00f3n de los Datos<\/strong><br \/>Sus datos ser\u00e1n conservados \u00fanicamente durante el tiempo necesario para cumplir con las finalidades mencionadas o seg\u00fan lo exija la legislaci\u00f3n aplicable.<\/p><p><strong>5. Protecci\u00f3n de los Datos<\/strong><br \/>Nos comprometemos a asegurar que su informaci\u00f3n est\u00e9 protegida. Implementamos medidas de seguridad t\u00e9cnicas y organizativas adecuadas para evitar el acceso no autorizado, la alteraci\u00f3n o la p\u00e9rdida de sus datos personales.<\/p><p><strong>6. Derechos del Usuario<\/strong><br \/>Como usuario, tiene derecho a:<\/p><ul><li>Acceder a sus datos personales.<\/li><li>Solicitar la rectificaci\u00f3n de los datos inexactos o incompletos.<\/li><li>Solicitar la supresi\u00f3n de sus datos cuando ya no sean necesarios para los fines indicados.<\/li><li>Oponerse al tratamiento de sus datos personales por motivos leg\u00edtimos.<\/li><\/ul><p>Para ejercer cualquiera de estos derechos, puede ponerse en contacto con nosotros en info@oficinaagenterehabilitador.es<\/p><p><strong>7. Cambios en la Pol\u00edtica de Privacidad<\/strong><br \/>Nos reservamos el derecho a actualizar esta pol\u00edtica de privacidad en cualquier momento. Cualquier cambio ser\u00e1 publicado en esta p\u00e1gina y, si es necesario, se le notificar\u00e1 por otros medios.<\/p><\/div><\/div>\t\t\t\t\t\t\t\t<\/div>\n\t\t\t\t<\/div>\n\t\t\t\t\t<\/div>\n\t\t<\/div>\n\t\t\t\t\t<\/div>\n\t\t<\/section>\n\t\t\t\t<\/div>\n\t\t","protected":false},"excerpt":{"rendered":"<p>\u00a0Pol\u00edtica de Privacidad\u00a0 1. Responsable del Tratamiento de DatosLa entidad responsable de la recopilaci\u00f3n y tratamiento de sus datos personales es Oficina Agente Rehabilitador, con domicilio en C\/ Edgar Neville, n6., 28002, Madrid. Nos comprometemos a garantizar que su privacidad est\u00e9 protegida y que sus datos personales se utilicen de manera adecuada. 2. Datos que [&hellip;]<\/p>\n","protected":false},"author":1,"featured_media":0,"parent":0,"menu_order":0,"comment_status":"closed","ping_status":"closed","template":"","meta":{"content-type":"","site-sidebar-layout":"no-sidebar","site-content-layout":"page-builder","ast-site-content-layout":"full-width-container","site-content-style":"default","site-sidebar-style":"default","ast-global-header-display":"","ast-banner-title-visibility":"","ast-main-header-display":"","ast-hfb-above-header-display":"","ast-hfb-below-header-display":"","ast-hfb-mobile-header-display":"","site-post-title":"disabled","ast-breadcrumbs-content":"","ast-featured-img":"disabled","footer-sml-layout":"","ast-disable-related-posts":"","theme-transparent-header-meta":"","adv-header-id-meta":"","stick-header-meta":"","header-above-stick-meta":"","header-main-stick-meta":"","header-below-stick-meta":"","astra-migrate-meta-layouts":"default","ast-page-background-enabled":"default","ast-page-background-meta":{"desktop":{"background-color":"","background-image":"","background-repeat":"repeat","background-position":"center center","background-size":"auto","background-attachment":"scroll","background-type":"","background-media":"","overlay-type":"","overlay-color":"","overlay-opacity":"","overlay-gradient":""},"tablet":{"background-color":"","background-image":"","background-repeat":"repeat","background-position":"center center","background-size":"auto","background-attachment":"scroll","background-type":"","background-media":"","overlay-type":"","overlay-color":"","overlay-opacity":"","overlay-gradient":""},"mobile":{"background-color":"","background-image":"","background-repeat":"repeat","background-position":"center center","background-size":"auto","background-attachment":"scroll","background-type":"","background-media":"","overlay-type":"","overlay-color":"","overlay-opacity":"","overlay-gradient":""}},"ast-content-background-meta":{"desktop":{"background-color":"var(--ast-global-color-5)","background-image":"","background-repeat":"repeat","background-position":"center center","background-size":"auto","background-attachment":"scroll","background-type":"","background-media":"","overlay-type":"","overlay-color":"","overlay-opacity":"","overlay-gradient":""},"tablet":{"background-color":"var(--ast-global-color-5)","background-image":"","background-repeat":"repeat","background-position":"center center","background-size":"auto","background-attachment":"scroll","background-type":"","background-media":"","overlay-type":"","overlay-color":"","overlay-opacity":"","overlay-gradient":""},"mobile":{"background-color":"var(--ast-global-color-5)","background-image":"","background-repeat":"repeat","background-position":"center center","background-size":"auto","background-attachment":"scroll","background-type":"","background-media":"","overlay-type":"","overlay-color":"","overlay-opacity":"","overlay-gradient":""}},"footnotes":""},"class_list":["post-1312","page","type-page","status-publish","hentry"],"yoast_head":"<!-- This site is optimized with the Yoast SEO plugin v27.3 - https:\/\/yoast.com\/product\/yoast-seo-wordpress\/ -->\n<title>Pol\u00edtica de privacidad | Rehabilitaci\u00f3n de edificios en Jerez - C\u00e1diz - Oficina Agente Rehabilitador<\/title>\n<meta name=\"robots\" content=\"index, follow, max-snippet:-1, max-image-preview:large, max-video-preview:-1\" \/>\n<link rel=\"canonical\" href=\"https:\/\/oficinaagenterehabilitador.es\/index.php\/politica-de-privacidad\/\" \/>\n<meta property=\"og:locale\" content=\"es_ES\" \/>\n<meta property=\"og:type\" content=\"article\" \/>\n<meta property=\"og:title\" content=\"Pol\u00edtica de privacidad | Rehabilitaci\u00f3n de edificios en Jerez - C\u00e1diz - Oficina Agente Rehabilitador\" \/>\n<meta property=\"og:description\" content=\"\u00a0Pol\u00edtica de Privacidad\u00a0 1. Responsable del Tratamiento de DatosLa entidad responsable de la recopilaci\u00f3n y tratamiento de sus datos personales es Oficina Agente Rehabilitador, con domicilio en C\/ Edgar Neville, n6., 28002, Madrid. Nos comprometemos a garantizar que su privacidad est\u00e9 protegida y que sus datos personales se utilicen de manera adecuada. 2. Datos que [&hellip;]\" \/>\n<meta property=\"og:url\" content=\"https:\/\/oficinaagenterehabilitador.es\/index.php\/politica-de-privacidad\/\" \/>\n<meta property=\"og:site_name\" content=\"Oficina Agente Rehabilitador\" \/>\n<meta property=\"article:modified_time\" content=\"2024-10-21T07:51:18+00:00\" \/>\n<meta name=\"twitter:card\" content=\"summary_large_image\" \/>\n<meta name=\"twitter:label1\" content=\"Tiempo de lectura\" \/>\n\t<meta name=\"twitter:data1\" content=\"1 minuto\" \/>\n<script type=\"application\/ld+json\" class=\"yoast-schema-graph\">{\"@context\":\"https:\\\/\\\/schema.org\",\"@graph\":[{\"@type\":\"WebPage\",\"@id\":\"https:\\\/\\\/oficinaagenterehabilitador.es\\\/index.php\\\/politica-de-privacidad\\\/\",\"url\":\"https:\\\/\\\/oficinaagenterehabilitador.es\\\/index.php\\\/politica-de-privacidad\\\/\",\"name\":\"Pol\u00edtica de privacidad | Rehabilitaci\u00f3n de edificios en Jerez - C\u00e1diz - Oficina Agente Rehabilitador\",\"isPartOf\":{\"@id\":\"https:\\\/\\\/oficinaagenterehabilitador.es\\\/#website\"},\"datePublished\":\"2024-10-08T17:52:36+00:00\",\"dateModified\":\"2024-10-21T07:51:18+00:00\",\"breadcrumb\":{\"@id\":\"https:\\\/\\\/oficinaagenterehabilitador.es\\\/index.php\\\/politica-de-privacidad\\\/#breadcrumb\"},\"inLanguage\":\"es\",\"potentialAction\":[{\"@type\":\"ReadAction\",\"target\":[\"https:\\\/\\\/oficinaagenterehabilitador.es\\\/index.php\\\/politica-de-privacidad\\\/\"]}]},{\"@type\":\"BreadcrumbList\",\"@id\":\"https:\\\/\\\/oficinaagenterehabilitador.es\\\/index.php\\\/politica-de-privacidad\\\/#breadcrumb\",\"itemListElement\":[{\"@type\":\"ListItem\",\"position\":1,\"name\":\"Portada\",\"item\":\"https:\\\/\\\/oficinaagenterehabilitador.es\\\/\"},{\"@type\":\"ListItem\",\"position\":2,\"name\":\"Pol\u00edtica de privacidad | Rehabilitaci\u00f3n de edificios en Jerez &#8211; C\u00e1diz\"}]},{\"@type\":\"WebSite\",\"@id\":\"https:\\\/\\\/oficinaagenterehabilitador.es\\\/#website\",\"url\":\"https:\\\/\\\/oficinaagenterehabilitador.es\\\/\",\"name\":\"Rehabilitaci\u00f3n de edificios en Andaluc\u00eda | Fondos NEXT GENERATION - Oficina Agente Rehabilitador\",\"description\":\"Especialistas en rehabilitaci\u00f3n de edificios en Andaluc\u00eda, gestionamos proyectos que mejoran la eficiencia energ\u00e9tica y la accesibilidad, asegurando la tramitaci\u00f3n de fondos europeos. Ofrecemos soluciones integrales para comunidades y profesionales en todo el proceso de rehabilitaci\u00f3n estructural y energ\u00e9tica.\",\"publisher\":{\"@id\":\"https:\\\/\\\/oficinaagenterehabilitador.es\\\/#organization\"},\"potentialAction\":[{\"@type\":\"SearchAction\",\"target\":{\"@type\":\"EntryPoint\",\"urlTemplate\":\"https:\\\/\\\/oficinaagenterehabilitador.es\\\/?s={search_term_string}\"},\"query-input\":{\"@type\":\"PropertyValueSpecification\",\"valueRequired\":true,\"valueName\":\"search_term_string\"}}],\"inLanguage\":\"es\"},{\"@type\":\"Organization\",\"@id\":\"https:\\\/\\\/oficinaagenterehabilitador.es\\\/#organization\",\"name\":\"Oficina Agente Rehabilitador\",\"url\":\"https:\\\/\\\/oficinaagenterehabilitador.es\\\/\",\"logo\":{\"@type\":\"ImageObject\",\"inLanguage\":\"es\",\"@id\":\"https:\\\/\\\/oficinaagenterehabilitador.es\\\/#\\\/schema\\\/logo\\\/image\\\/\",\"url\":\"http:\\\/\\\/oficinaagenterehabilitador.es\\\/wp-content\\\/uploads\\\/2024\\\/10\\\/logotipo.png\",\"contentUrl\":\"http:\\\/\\\/oficinaagenterehabilitador.es\\\/wp-content\\\/uploads\\\/2024\\\/10\\\/logotipo.png\",\"width\":998,\"height\":681,\"caption\":\"Oficina Agente Rehabilitador\"},\"image\":{\"@id\":\"https:\\\/\\\/oficinaagenterehabilitador.es\\\/#\\\/schema\\\/logo\\\/image\\\/\"},\"sameAs\":[\"https:\\\/\\\/www.instagram.com\\\/oficinaagenterehabilitador\\\/\"]}]}<\/script>\n<!-- \/ Yoast SEO plugin. -->","yoast_head_json":{"title":"Pol\u00edtica de privacidad | Rehabilitaci\u00f3n de edificios en Jerez - C\u00e1diz - Oficina Agente Rehabilitador","robots":{"index":"index","follow":"follow","max-snippet":"max-snippet:-1","max-image-preview":"max-image-preview:large","max-video-preview":"max-video-preview:-1"},"canonical":"https:\/\/oficinaagenterehabilitador.es\/index.php\/politica-de-privacidad\/","og_locale":"es_ES","og_type":"article","og_title":"Pol\u00edtica de privacidad | Rehabilitaci\u00f3n de edificios en Jerez - C\u00e1diz - Oficina Agente Rehabilitador","og_description":"\u00a0Pol\u00edtica de Privacidad\u00a0 1. Responsable del Tratamiento de DatosLa entidad responsable de la recopilaci\u00f3n y tratamiento de sus datos personales es Oficina Agente Rehabilitador, con domicilio en C\/ Edgar Neville, n6., 28002, Madrid. Nos comprometemos a garantizar que su privacidad est\u00e9 protegida y que sus datos personales se utilicen de manera adecuada. 2. Datos que [&hellip;]","og_url":"https:\/\/oficinaagenterehabilitador.es\/index.php\/politica-de-privacidad\/","og_site_name":"Oficina Agente Rehabilitador","article_modified_time":"2024-10-21T07:51:18+00:00","twitter_card":"summary_large_image","twitter_misc":{"Tiempo de lectura":"1 minuto"},"schema":{"@context":"https:\/\/schema.org","@graph":[{"@type":"WebPage","@id":"https:\/\/oficinaagenterehabilitador.es\/index.php\/politica-de-privacidad\/","url":"https:\/\/oficinaagenterehabilitador.es\/index.php\/politica-de-privacidad\/","name":"Pol\u00edtica de privacidad | Rehabilitaci\u00f3n de edificios en Jerez - C\u00e1diz - Oficina Agente Rehabilitador","isPartOf":{"@id":"https:\/\/oficinaagenterehabilitador.es\/#website"},"datePublished":"2024-10-08T17:52:36+00:00","dateModified":"2024-10-21T07:51:18+00:00","breadcrumb":{"@id":"https:\/\/oficinaagenterehabilitador.es\/index.php\/politica-de-privacidad\/#breadcrumb"},"inLanguage":"es","potentialAction":[{"@type":"ReadAction","target":["https:\/\/oficinaagenterehabilitador.es\/index.php\/politica-de-privacidad\/"]}]},{"@type":"BreadcrumbList","@id":"https:\/\/oficinaagenterehabilitador.es\/index.php\/politica-de-privacidad\/#breadcrumb","itemListElement":[{"@type":"ListItem","position":1,"name":"Portada","item":"https:\/\/oficinaagenterehabilitador.es\/"},{"@type":"ListItem","position":2,"name":"Pol\u00edtica de privacidad | Rehabilitaci\u00f3n de edificios en Jerez &#8211; C\u00e1diz"}]},{"@type":"WebSite","@id":"https:\/\/oficinaagenterehabilitador.es\/#website","url":"https:\/\/oficinaagenterehabilitador.es\/","name":"Rehabilitaci\u00f3n de edificios en Andaluc\u00eda | Fondos NEXT GENERATION - Oficina Agente Rehabilitador","description":"Especialistas en rehabilitaci\u00f3n de edificios en Andaluc\u00eda, gestionamos proyectos que mejoran la eficiencia energ\u00e9tica y la accesibilidad, asegurando la tramitaci\u00f3n de fondos europeos. Ofrecemos soluciones integrales para comunidades y profesionales en todo el proceso de rehabilitaci\u00f3n estructural y energ\u00e9tica.","publisher":{"@id":"https:\/\/oficinaagenterehabilitador.es\/#organization"},"potentialAction":[{"@type":"SearchAction","target":{"@type":"EntryPoint","urlTemplate":"https:\/\/oficinaagenterehabilitador.es\/?s={search_term_string}"},"query-input":{"@type":"PropertyValueSpecification","valueRequired":true,"valueName":"search_term_string"}}],"inLanguage":"es"},{"@type":"Organization","@id":"https:\/\/oficinaagenterehabilitador.es\/#organization","name":"Oficina Agente Rehabilitador","url":"https:\/\/oficinaagenterehabilitador.es\/","logo":{"@type":"ImageObject","inLanguage":"es","@id":"https:\/\/oficinaagenterehabilitador.es\/#\/schema\/logo\/image\/","url":"http:\/\/oficinaagenterehabilitador.es\/wp-content\/uploads\/2024\/10\/logotipo.png","contentUrl":"http:\/\/oficinaagenterehabilitador.es\/wp-content\/uploads\/2024\/10\/logotipo.png","width":998,"height":681,"caption":"Oficina Agente Rehabilitador"},"image":{"@id":"https:\/\/oficinaagenterehabilitador.es\/#\/schema\/logo\/image\/"},"sameAs":["https:\/\/www.instagram.com\/oficinaagenterehabilitador\/"]}]}},"_links":{"self":[{"href":"https:\/\/oficinaagenterehabilitador.es\/index.php\/wp-json\/wp\/v2\/pages\/1312","targetHints":{"allow":["GET"]}}],"collection":[{"href":"https:\/\/oficinaagenterehabilitador.es\/index.php\/wp-json\/wp\/v2\/pages"}],"about":[{"href":"https:\/\/oficinaagenterehabilitador.es\/index.php\/wp-json\/wp\/v2\/types\/page"}],"author":[{"embeddable":true,"href":"https:\/\/oficinaagenterehabilitador.es\/index.php\/wp-json\/wp\/v2\/users\/1"}],"replies":[{"embeddable":true,"href":"https:\/\/oficinaagenterehabilitador.es\/index.php\/wp-json\/wp\/v2\/comments?post=1312"}],"version-history":[{"count":7,"href":"https:\/\/oficinaagenterehabilitador.es\/index.php\/wp-json\/wp\/v2\/pages\/1312\/revisions"}],"predecessor-version":[{"id":1444,"href":"https:\/\/oficinaagenterehabilitador.es\/index.php\/wp-json\/wp\/v2\/pages\/1312\/revisions\/1444"}],"wp:attachment":[{"href":"https:\/\/oficinaagenterehabilitador.es\/index.php\/wp-json\/wp\/v2\/media?parent=1312"}],"curies":[{"name":"wp","href":"https:\/\/api.w.org\/{rel}","templated":true}]}}