{"id":1313,"date":"2024-10-08T17:52:36","date_gmt":"2024-10-08T17:52:36","guid":{"rendered":"https:\/\/oficinaagenterehabilitador.es\/?page_id=1313"},"modified":"2024-10-24T09:45:54","modified_gmt":"2024-10-24T07:45:54","slug":"aviso-legal","status":"publish","type":"page","link":"https:\/\/oficinaagenterehabilitador.es\/index.php\/aviso-legal\/","title":{"rendered":"Aviso legal | Rehabilitaci\u00f3n de edificios en Jerez &#8211; C\u00e1diz"},"content":{"rendered":"\t\t<div data-elementor-type=\"wp-page\" data-elementor-id=\"1313\" class=\"elementor elementor-1313\" data-elementor-post-type=\"page\">\n\t\t\t\t\t\t<section class=\"elementor-section elementor-top-section elementor-element elementor-element-pb2jp2v elementor-section-content-top elementor-section-boxed elementor-section-height-default elementor-section-height-default\" data-id=\"pb2jp2v\" data-element_type=\"section\" data-e-type=\"section\" data-settings=\"{&quot;background_background&quot;:&quot;classic&quot;}\">\n\t\t\t\t\t\t\t<div class=\"elementor-background-overlay\"><\/div>\n\t\t\t\t\t\t\t<div class=\"elementor-container elementor-column-gap-no\">\n\t\t\t\t\t<div class=\"elementor-column elementor-col-100 elementor-top-column elementor-element elementor-element-5312e3d\" data-id=\"5312e3d\" data-element_type=\"column\" data-e-type=\"column\">\n\t\t\t<div class=\"elementor-widget-wrap elementor-element-populated\">\n\t\t\t\t\t\t<div class=\"elementor-element elementor-element-14524f7 elementor-widget elementor-widget-text-editor\" data-id=\"14524f7\" data-element_type=\"widget\" data-e-type=\"widget\" data-widget_type=\"text-editor.default\">\n\t\t\t\t<div class=\"elementor-widget-container\">\n\t\t\t\t\t\t\t\t\t<h3><strong>Aviso Legal<\/strong><\/h3><p><strong>1. Identificaci\u00f3n del Titular del Sitio Web<\/strong><br \/>En cumplimiento de lo dispuesto en la Ley 34\/2002, de 11 de julio, de Servicios de la Sociedad de la Informaci\u00f3n y Comercio Electr\u00f3nico (LSSICE), se informa que el titular del presente sitio web es:<\/p><ul><li><strong>Empresa<\/strong>: Oficina Agente Rehabilitador<\/li><li><strong>Direcci\u00f3n<\/strong>: C\/ Edgar Neville, n6, 28002, Madrid<\/li><li><strong>Correo electr\u00f3nico<\/strong>: info@oficinaagenterehabilitador.es<\/li><li><strong>Tel\u00e9fono<\/strong>: 722 80 64 50<\/li><\/ul><p><strong>2. Propiedad Intelectual e Industrial<\/strong><br \/>Todos los contenidos de este sitio web, incluyendo, sin limitaci\u00f3n, los textos, gr\u00e1ficos, im\u00e1genes, dise\u00f1o y logotipos, son propiedad exclusiva de <strong>Oficina Agente Rehabilitador<\/strong> o de terceros que han autorizado su uso, y est\u00e1n protegidos por los derechos de propiedad intelectual e industrial. Queda prohibida su reproducci\u00f3n, distribuci\u00f3n o modificaci\u00f3n sin la autorizaci\u00f3n expresa del titular.<\/p><p><strong>3. Condiciones de Uso<\/strong><br \/>El acceso y uso de este sitio web implica la aceptaci\u00f3n de las presentes condiciones legales. El usuario se compromete a utilizar el sitio de conformidad con la ley, la moral, el orden p\u00fablico y las buenas costumbres. Est\u00e1 prohibido el uso de este sitio web con fines il\u00edcitos o que perjudiquen los derechos de terceros.<\/p><p><strong>4. Protecci\u00f3n de Datos<\/strong><br \/>La informaci\u00f3n o los datos personales que el usuario facilite ser\u00e1n tratados de acuerdo con lo establecido en nuestra <a href=\"#\" rel=\"noopener\">Pol\u00edtica de Privacidad<\/a>. Al hacer uso de este sitio web, el usuario consiente el tratamiento de dicha informaci\u00f3n y declara que todos los datos proporcionados son veraces.<\/p><p><strong>5. Enlaces Externos<\/strong><br \/>Este sitio web puede contener enlaces a sitios web de terceros. <strong>Oficina Agente Rehabilitador<\/strong> no se hace responsable de los contenidos de dichos sitios, ni garantiza la disponibilidad t\u00e9cnica, calidad, fiabilidad, exactitud o veracidad de los servicios e informaciones ofrecidos en dichos enlaces.<\/p><p><strong>6. Responsabilidades<\/strong><br \/><strong>Oficina Agente Rehabilitador<\/strong> no ser\u00e1 responsable de los da\u00f1os o perjuicios que puedan derivarse de la utilizaci\u00f3n de este sitio web, incluidos errores o interrupciones en el acceso. Tampoco ser\u00e1 responsable de los virus u otros elementos que puedan causar alteraciones en el sistema inform\u00e1tico del usuario.<\/p><p><strong>7. Legislaci\u00f3n Aplicable y Jurisdicci\u00f3n<\/strong><br \/>Las presentes condiciones legales se regir\u00e1n e interpretar\u00e1n de acuerdo con la legislaci\u00f3n espa\u00f1ola. Para la resoluci\u00f3n de cualquier conflicto que pudiera derivarse del acceso o uso del sitio web, el usuario y <strong>Oficina Agente Rehabilitador<\/strong> se someter\u00e1n a los juzgados y tribunales de Madrid, renunciando a cualquier otro fuero que pudiera corresponderles.<\/p>\t\t\t\t\t\t\t\t<\/div>\n\t\t\t\t<\/div>\n\t\t\t\t\t<\/div>\n\t\t<\/div>\n\t\t\t\t\t<\/div>\n\t\t<\/section>\n\t\t\t\t<\/div>\n\t\t","protected":false},"excerpt":{"rendered":"<p>Aviso Legal 1. Identificaci\u00f3n del Titular del Sitio WebEn cumplimiento de lo dispuesto en la Ley 34\/2002, de 11 de julio, de Servicios de la Sociedad de la Informaci\u00f3n y Comercio Electr\u00f3nico (LSSICE), se informa que el titular del presente sitio web es: Empresa: Oficina Agente Rehabilitador Direcci\u00f3n: C\/ Edgar Neville, n6, 28002, Madrid Correo [&hellip;]<\/p>\n","protected":false},"author":1,"featured_media":0,"parent":0,"menu_order":0,"comment_status":"closed","ping_status":"closed","template":"","meta":{"content-type":"","site-sidebar-layout":"no-sidebar","site-content-layout":"page-builder","ast-site-content-layout":"full-width-container","site-content-style":"default","site-sidebar-style":"default","ast-global-header-display":"","ast-banner-title-visibility":"","ast-main-header-display":"","ast-hfb-above-header-display":"","ast-hfb-below-header-display":"","ast-hfb-mobile-header-display":"","site-post-title":"disabled","ast-breadcrumbs-content":"","ast-featured-img":"disabled","footer-sml-layout":"","ast-disable-related-posts":"","theme-transparent-header-meta":"","adv-header-id-meta":"","stick-header-meta":"","header-above-stick-meta":"","header-main-stick-meta":"","header-below-stick-meta":"","astra-migrate-meta-layouts":"default","ast-page-background-enabled":"default","ast-page-background-meta":{"desktop":{"background-color":"","background-image":"","background-repeat":"repeat","background-position":"center center","background-size":"auto","background-attachment":"scroll","background-type":"","background-media":"","overlay-type":"","overlay-color":"","overlay-opacity":"","overlay-gradient":""},"tablet":{"background-color":"","background-image":"","background-repeat":"repeat","background-position":"center center","background-size":"auto","background-attachment":"scroll","background-type":"","background-media":"","overlay-type":"","overlay-color":"","overlay-opacity":"","overlay-gradient":""},"mobile":{"background-color":"","background-image":"","background-repeat":"repeat","background-position":"center center","background-size":"auto","background-attachment":"scroll","background-type":"","background-media":"","overlay-type":"","overlay-color":"","overlay-opacity":"","overlay-gradient":""}},"ast-content-background-meta":{"desktop":{"background-color":"var(--ast-global-color-5)","background-image":"","background-repeat":"repeat","background-position":"center center","background-size":"auto","background-attachment":"scroll","background-type":"","background-media":"","overlay-type":"","overlay-color":"","overlay-opacity":"","overlay-gradient":""},"tablet":{"background-color":"var(--ast-global-color-5)","background-image":"","background-repeat":"repeat","background-position":"center center","background-size":"auto","background-attachment":"scroll","background-type":"","background-media":"","overlay-type":"","overlay-color":"","overlay-opacity":"","overlay-gradient":""},"mobile":{"background-color":"var(--ast-global-color-5)","background-image":"","background-repeat":"repeat","background-position":"center center","background-size":"auto","background-attachment":"scroll","background-type":"","background-media":"","overlay-type":"","overlay-color":"","overlay-opacity":"","overlay-gradient":""}},"footnotes":""},"class_list":["post-1313","page","type-page","status-publish","hentry"],"yoast_head":"<!-- This site is optimized with the Yoast SEO plugin v27.3 - https:\/\/yoast.com\/product\/yoast-seo-wordpress\/ -->\n<title>Aviso legal | Rehabilitaci\u00f3n de edificios en Jerez - C\u00e1diz - Oficina Agente Rehabilitador<\/title>\n<meta name=\"robots\" content=\"index, follow, max-snippet:-1, max-image-preview:large, max-video-preview:-1\" \/>\n<link rel=\"canonical\" href=\"https:\/\/oficinaagenterehabilitador.es\/index.php\/aviso-legal\/\" \/>\n<meta property=\"og:locale\" content=\"es_ES\" \/>\n<meta property=\"og:type\" content=\"article\" \/>\n<meta property=\"og:title\" content=\"Aviso legal | Rehabilitaci\u00f3n de edificios en Jerez - C\u00e1diz - Oficina Agente Rehabilitador\" \/>\n<meta property=\"og:description\" content=\"Aviso Legal 1. Identificaci\u00f3n del Titular del Sitio WebEn cumplimiento de lo dispuesto en la Ley 34\/2002, de 11 de julio, de Servicios de la Sociedad de la Informaci\u00f3n y Comercio Electr\u00f3nico (LSSICE), se informa que el titular del presente sitio web es: Empresa: Oficina Agente Rehabilitador Direcci\u00f3n: C\/ Edgar Neville, n6, 28002, Madrid Correo [&hellip;]\" \/>\n<meta property=\"og:url\" content=\"https:\/\/oficinaagenterehabilitador.es\/index.php\/aviso-legal\/\" \/>\n<meta property=\"og:site_name\" content=\"Oficina Agente Rehabilitador\" \/>\n<meta property=\"article:modified_time\" content=\"2024-10-24T07:45:54+00:00\" \/>\n<meta name=\"twitter:card\" content=\"summary_large_image\" \/>\n<meta name=\"twitter:label1\" content=\"Tiempo de lectura\" \/>\n\t<meta name=\"twitter:data1\" content=\"2 minutos\" \/>\n<script type=\"application\/ld+json\" class=\"yoast-schema-graph\">{\"@context\":\"https:\\\/\\\/schema.org\",\"@graph\":[{\"@type\":\"WebPage\",\"@id\":\"https:\\\/\\\/oficinaagenterehabilitador.es\\\/index.php\\\/aviso-legal\\\/\",\"url\":\"https:\\\/\\\/oficinaagenterehabilitador.es\\\/index.php\\\/aviso-legal\\\/\",\"name\":\"Aviso legal | Rehabilitaci\u00f3n de edificios en Jerez - C\u00e1diz - Oficina Agente Rehabilitador\",\"isPartOf\":{\"@id\":\"https:\\\/\\\/oficinaagenterehabilitador.es\\\/#website\"},\"datePublished\":\"2024-10-08T17:52:36+00:00\",\"dateModified\":\"2024-10-24T07:45:54+00:00\",\"breadcrumb\":{\"@id\":\"https:\\\/\\\/oficinaagenterehabilitador.es\\\/index.php\\\/aviso-legal\\\/#breadcrumb\"},\"inLanguage\":\"es\",\"potentialAction\":[{\"@type\":\"ReadAction\",\"target\":[\"https:\\\/\\\/oficinaagenterehabilitador.es\\\/index.php\\\/aviso-legal\\\/\"]}]},{\"@type\":\"BreadcrumbList\",\"@id\":\"https:\\\/\\\/oficinaagenterehabilitador.es\\\/index.php\\\/aviso-legal\\\/#breadcrumb\",\"itemListElement\":[{\"@type\":\"ListItem\",\"position\":1,\"name\":\"Portada\",\"item\":\"https:\\\/\\\/oficinaagenterehabilitador.es\\\/\"},{\"@type\":\"ListItem\",\"position\":2,\"name\":\"Aviso legal | Rehabilitaci\u00f3n de edificios en Jerez &#8211; C\u00e1diz\"}]},{\"@type\":\"WebSite\",\"@id\":\"https:\\\/\\\/oficinaagenterehabilitador.es\\\/#website\",\"url\":\"https:\\\/\\\/oficinaagenterehabilitador.es\\\/\",\"name\":\"Rehabilitaci\u00f3n de edificios en Andaluc\u00eda | Fondos NEXT GENERATION - Oficina Agente Rehabilitador\",\"description\":\"Especialistas en rehabilitaci\u00f3n de edificios en Andaluc\u00eda, gestionamos proyectos que mejoran la eficiencia energ\u00e9tica y la accesibilidad, asegurando la tramitaci\u00f3n de fondos europeos. Ofrecemos soluciones integrales para comunidades y profesionales en todo el proceso de rehabilitaci\u00f3n estructural y energ\u00e9tica.\",\"publisher\":{\"@id\":\"https:\\\/\\\/oficinaagenterehabilitador.es\\\/#organization\"},\"potentialAction\":[{\"@type\":\"SearchAction\",\"target\":{\"@type\":\"EntryPoint\",\"urlTemplate\":\"https:\\\/\\\/oficinaagenterehabilitador.es\\\/?s={search_term_string}\"},\"query-input\":{\"@type\":\"PropertyValueSpecification\",\"valueRequired\":true,\"valueName\":\"search_term_string\"}}],\"inLanguage\":\"es\"},{\"@type\":\"Organization\",\"@id\":\"https:\\\/\\\/oficinaagenterehabilitador.es\\\/#organization\",\"name\":\"Oficina Agente Rehabilitador\",\"url\":\"https:\\\/\\\/oficinaagenterehabilitador.es\\\/\",\"logo\":{\"@type\":\"ImageObject\",\"inLanguage\":\"es\",\"@id\":\"https:\\\/\\\/oficinaagenterehabilitador.es\\\/#\\\/schema\\\/logo\\\/image\\\/\",\"url\":\"http:\\\/\\\/oficinaagenterehabilitador.es\\\/wp-content\\\/uploads\\\/2024\\\/10\\\/logotipo.png\",\"contentUrl\":\"http:\\\/\\\/oficinaagenterehabilitador.es\\\/wp-content\\\/uploads\\\/2024\\\/10\\\/logotipo.png\",\"width\":998,\"height\":681,\"caption\":\"Oficina Agente Rehabilitador\"},\"image\":{\"@id\":\"https:\\\/\\\/oficinaagenterehabilitador.es\\\/#\\\/schema\\\/logo\\\/image\\\/\"},\"sameAs\":[\"https:\\\/\\\/www.instagram.com\\\/oficinaagenterehabilitador\\\/\"]}]}<\/script>\n<!-- \/ Yoast SEO plugin. -->","yoast_head_json":{"title":"Aviso legal | Rehabilitaci\u00f3n de edificios en Jerez - C\u00e1diz - Oficina Agente Rehabilitador","robots":{"index":"index","follow":"follow","max-snippet":"max-snippet:-1","max-image-preview":"max-image-preview:large","max-video-preview":"max-video-preview:-1"},"canonical":"https:\/\/oficinaagenterehabilitador.es\/index.php\/aviso-legal\/","og_locale":"es_ES","og_type":"article","og_title":"Aviso legal | Rehabilitaci\u00f3n de edificios en Jerez - C\u00e1diz - Oficina Agente Rehabilitador","og_description":"Aviso Legal 1. Identificaci\u00f3n del Titular del Sitio WebEn cumplimiento de lo dispuesto en la Ley 34\/2002, de 11 de julio, de Servicios de la Sociedad de la Informaci\u00f3n y Comercio Electr\u00f3nico (LSSICE), se informa que el titular del presente sitio web es: Empresa: Oficina Agente Rehabilitador Direcci\u00f3n: C\/ Edgar Neville, n6, 28002, Madrid Correo [&hellip;]","og_url":"https:\/\/oficinaagenterehabilitador.es\/index.php\/aviso-legal\/","og_site_name":"Oficina Agente Rehabilitador","article_modified_time":"2024-10-24T07:45:54+00:00","twitter_card":"summary_large_image","twitter_misc":{"Tiempo de lectura":"2 minutos"},"schema":{"@context":"https:\/\/schema.org","@graph":[{"@type":"WebPage","@id":"https:\/\/oficinaagenterehabilitador.es\/index.php\/aviso-legal\/","url":"https:\/\/oficinaagenterehabilitador.es\/index.php\/aviso-legal\/","name":"Aviso legal | Rehabilitaci\u00f3n de edificios en Jerez - C\u00e1diz - Oficina Agente Rehabilitador","isPartOf":{"@id":"https:\/\/oficinaagenterehabilitador.es\/#website"},"datePublished":"2024-10-08T17:52:36+00:00","dateModified":"2024-10-24T07:45:54+00:00","breadcrumb":{"@id":"https:\/\/oficinaagenterehabilitador.es\/index.php\/aviso-legal\/#breadcrumb"},"inLanguage":"es","potentialAction":[{"@type":"ReadAction","target":["https:\/\/oficinaagenterehabilitador.es\/index.php\/aviso-legal\/"]}]},{"@type":"BreadcrumbList","@id":"https:\/\/oficinaagenterehabilitador.es\/index.php\/aviso-legal\/#breadcrumb","itemListElement":[{"@type":"ListItem","position":1,"name":"Portada","item":"https:\/\/oficinaagenterehabilitador.es\/"},{"@type":"ListItem","position":2,"name":"Aviso legal | Rehabilitaci\u00f3n de edificios en Jerez &#8211; C\u00e1diz"}]},{"@type":"WebSite","@id":"https:\/\/oficinaagenterehabilitador.es\/#website","url":"https:\/\/oficinaagenterehabilitador.es\/","name":"Rehabilitaci\u00f3n de edificios en Andaluc\u00eda | Fondos NEXT GENERATION - Oficina Agente Rehabilitador","description":"Especialistas en rehabilitaci\u00f3n de edificios en Andaluc\u00eda, gestionamos proyectos que mejoran la eficiencia energ\u00e9tica y la accesibilidad, asegurando la tramitaci\u00f3n de fondos europeos. Ofrecemos soluciones integrales para comunidades y profesionales en todo el proceso de rehabilitaci\u00f3n estructural y energ\u00e9tica.","publisher":{"@id":"https:\/\/oficinaagenterehabilitador.es\/#organization"},"potentialAction":[{"@type":"SearchAction","target":{"@type":"EntryPoint","urlTemplate":"https:\/\/oficinaagenterehabilitador.es\/?s={search_term_string}"},"query-input":{"@type":"PropertyValueSpecification","valueRequired":true,"valueName":"search_term_string"}}],"inLanguage":"es"},{"@type":"Organization","@id":"https:\/\/oficinaagenterehabilitador.es\/#organization","name":"Oficina Agente Rehabilitador","url":"https:\/\/oficinaagenterehabilitador.es\/","logo":{"@type":"ImageObject","inLanguage":"es","@id":"https:\/\/oficinaagenterehabilitador.es\/#\/schema\/logo\/image\/","url":"http:\/\/oficinaagenterehabilitador.es\/wp-content\/uploads\/2024\/10\/logotipo.png","contentUrl":"http:\/\/oficinaagenterehabilitador.es\/wp-content\/uploads\/2024\/10\/logotipo.png","width":998,"height":681,"caption":"Oficina Agente Rehabilitador"},"image":{"@id":"https:\/\/oficinaagenterehabilitador.es\/#\/schema\/logo\/image\/"},"sameAs":["https:\/\/www.instagram.com\/oficinaagenterehabilitador\/"]}]}},"_links":{"self":[{"href":"https:\/\/oficinaagenterehabilitador.es\/index.php\/wp-json\/wp\/v2\/pages\/1313","targetHints":{"allow":["GET"]}}],"collection":[{"href":"https:\/\/oficinaagenterehabilitador.es\/index.php\/wp-json\/wp\/v2\/pages"}],"about":[{"href":"https:\/\/oficinaagenterehabilitador.es\/index.php\/wp-json\/wp\/v2\/types\/page"}],"author":[{"embeddable":true,"href":"https:\/\/oficinaagenterehabilitador.es\/index.php\/wp-json\/wp\/v2\/users\/1"}],"replies":[{"embeddable":true,"href":"https:\/\/oficinaagenterehabilitador.es\/index.php\/wp-json\/wp\/v2\/comments?post=1313"}],"version-history":[{"count":14,"href":"https:\/\/oficinaagenterehabilitador.es\/index.php\/wp-json\/wp\/v2\/pages\/1313\/revisions"}],"predecessor-version":[{"id":1449,"href":"https:\/\/oficinaagenterehabilitador.es\/index.php\/wp-json\/wp\/v2\/pages\/1313\/revisions\/1449"}],"wp:attachment":[{"href":"https:\/\/oficinaagenterehabilitador.es\/index.php\/wp-json\/wp\/v2\/media?parent=1313"}],"curies":[{"name":"wp","href":"https:\/\/api.w.org\/{rel}","templated":true}]}}