{"id":1314,"date":"2024-10-08T17:52:36","date_gmt":"2024-10-08T17:52:36","guid":{"rendered":"https:\/\/oficinaagenterehabilitador.es\/?page_id=1314"},"modified":"2024-10-21T09:51:01","modified_gmt":"2024-10-21T07:51:01","slug":"politica-de-cookies","status":"publish","type":"page","link":"https:\/\/oficinaagenterehabilitador.es\/index.php\/politica-de-cookies\/","title":{"rendered":"Pol\u00edtica de cookies | Rehabilitaci\u00f3n de edificios en Jerez &#8211; C\u00e1diz"},"content":{"rendered":"\t\t<div data-elementor-type=\"wp-page\" data-elementor-id=\"1314\" class=\"elementor elementor-1314\" data-elementor-post-type=\"page\">\n\t\t\t\t\t\t<section class=\"elementor-section elementor-top-section elementor-element elementor-element-v0ffden elementor-section-content-top elementor-section-boxed elementor-section-height-default elementor-section-height-default\" data-id=\"v0ffden\" data-element_type=\"section\" data-e-type=\"section\" data-settings=\"{&quot;background_background&quot;:&quot;classic&quot;}\">\n\t\t\t\t\t\t\t<div class=\"elementor-background-overlay\"><\/div>\n\t\t\t\t\t\t\t<div class=\"elementor-container elementor-column-gap-no\">\n\t\t\t\t\t<div class=\"elementor-column elementor-col-100 elementor-top-column elementor-element elementor-element-5312e3d\" data-id=\"5312e3d\" data-element_type=\"column\" data-e-type=\"column\">\n\t\t\t<div class=\"elementor-widget-wrap elementor-element-populated\">\n\t\t\t\t\t\t<div class=\"elementor-element elementor-element-14524f7 elementor-widget elementor-widget-text-editor\" data-id=\"14524f7\" data-element_type=\"widget\" data-e-type=\"widget\" data-widget_type=\"text-editor.default\">\n\t\t\t\t<div class=\"elementor-widget-container\">\n\t\t\t\t\t\t\t\t\t<h3><strong>Pol\u00edtica de Cookies<\/strong><\/h3><p><strong>1. \u00bfQu\u00e9 son las cookies?<\/strong><br \/>Las cookies son peque\u00f1os archivos de texto que se almacenan en su dispositivo (ordenador, smartphone o tablet) cuando visita un sitio web. Las cookies permiten al sitio web recordar sus acciones y preferencias (como el idioma o los datos de inicio de sesi\u00f3n) durante un periodo de tiempo, mejorando su experiencia de navegaci\u00f3n.<\/p><p><strong>2. Tipos de cookies utilizadas en este sitio web<\/strong><br \/>En <strong>Oficina Agente Rehabilitador<\/strong> utilizamos las siguientes cookies:<\/p><ul><li><p><strong>Cookies estrictamente necesarias<\/strong>: Estas cookies son esenciales para que el sitio web funcione correctamente. Sin ellas, algunas secciones del sitio podr\u00edan no funcionar adecuadamente.<\/p><\/li><li><p><strong>Cookies de an\u00e1lisis<\/strong>: Nos permiten cuantificar el n\u00famero de usuarios y realizar la medici\u00f3n y an\u00e1lisis estad\u00edstico del uso que hacen los usuarios del sitio. Esto nos ayuda a mejorar la experiencia de usuario y el contenido ofrecido.<\/p><\/li><\/ul><p><strong>3. \u00bfC\u00f3mo desactivar o eliminar las cookies?<\/strong><br \/>Puede permitir, bloquear o eliminar las cookies instaladas en su equipo mediante la configuraci\u00f3n de las opciones del navegador. Los pasos para hacerlo var\u00edan seg\u00fan el navegador que utilice, pero generalmente se encuentran en el men\u00fa \u00abConfiguraci\u00f3n\u00bb o \u00abPreferencias\u00bb. A continuaci\u00f3n, proporcionamos enlaces a la informaci\u00f3n espec\u00edfica para los navegadores m\u00e1s populares:<\/p><ul><li><a target=\"_new\" rel=\"noopener\">Google Chrome<\/a><\/li><li><a href=\"https:\/\/support.mozilla.org\/es\/kb\/cookies-informacion-que-los-sitios-web-guardan-en-\" target=\"_new\" rel=\"noopener\">Mozilla Firefox<\/a><\/li><li><a href=\"https:\/\/support.microsoft.com\/es-es\/help\/4027947\/microsoft-edge-delete-cookies\" target=\"_new\" rel=\"noopener\">Microsoft Edge<\/a><\/li><li><a href=\"https:\/\/support.apple.com\/es-es\/guide\/safari\/sfri11471\/mac\" target=\"_new\" rel=\"noopener\">Safari<\/a><\/li><\/ul><p><strong>4. Consentimiento<\/strong><br \/>Al navegar por nuestro sitio web, acepta el uso de las cookies en los t\u00e9rminos establecidos en esta Pol\u00edtica de Cookies. Si decide desactivarlas, algunas secciones del sitio web podr\u00edan no funcionar correctamente.<\/p><p><strong>5. Actualizaciones en la Pol\u00edtica de Cookies<\/strong><br \/>Nos reservamos el derecho a modificar la presente Pol\u00edtica de Cookies en cualquier momento. Cualquier cambio ser\u00e1 publicado en esta p\u00e1gina, por lo que le recomendamos revisarla peri\u00f3dicamente.<\/p>\t\t\t\t\t\t\t\t<\/div>\n\t\t\t\t<\/div>\n\t\t\t\t\t<\/div>\n\t\t<\/div>\n\t\t\t\t\t<\/div>\n\t\t<\/section>\n\t\t\t\t<\/div>\n\t\t","protected":false},"excerpt":{"rendered":"<p>Pol\u00edtica de Cookies 1. \u00bfQu\u00e9 son las cookies?Las cookies son peque\u00f1os archivos de texto que se almacenan en su dispositivo (ordenador, smartphone o tablet) cuando visita un sitio web. Las cookies permiten al sitio web recordar sus acciones y preferencias (como el idioma o los datos de inicio de sesi\u00f3n) durante un periodo de tiempo, [&hellip;]<\/p>\n","protected":false},"author":1,"featured_media":0,"parent":0,"menu_order":0,"comment_status":"closed","ping_status":"closed","template":"","meta":{"content-type":"","site-sidebar-layout":"no-sidebar","site-content-layout":"page-builder","ast-site-content-layout":"full-width-container","site-content-style":"default","site-sidebar-style":"default","ast-global-header-display":"","ast-banner-title-visibility":"","ast-main-header-display":"","ast-hfb-above-header-display":"","ast-hfb-below-header-display":"","ast-hfb-mobile-header-display":"","site-post-title":"disabled","ast-breadcrumbs-content":"","ast-featured-img":"disabled","footer-sml-layout":"","ast-disable-related-posts":"","theme-transparent-header-meta":"","adv-header-id-meta":"","stick-header-meta":"","header-above-stick-meta":"","header-main-stick-meta":"","header-below-stick-meta":"","astra-migrate-meta-layouts":"default","ast-page-background-enabled":"default","ast-page-background-meta":{"desktop":{"background-color":"","background-image":"","background-repeat":"repeat","background-position":"center center","background-size":"auto","background-attachment":"scroll","background-type":"","background-media":"","overlay-type":"","overlay-color":"","overlay-opacity":"","overlay-gradient":""},"tablet":{"background-color":"","background-image":"","background-repeat":"repeat","background-position":"center center","background-size":"auto","background-attachment":"scroll","background-type":"","background-media":"","overlay-type":"","overlay-color":"","overlay-opacity":"","overlay-gradient":""},"mobile":{"background-color":"","background-image":"","background-repeat":"repeat","background-position":"center center","background-size":"auto","background-attachment":"scroll","background-type":"","background-media":"","overlay-type":"","overlay-color":"","overlay-opacity":"","overlay-gradient":""}},"ast-content-background-meta":{"desktop":{"background-color":"var(--ast-global-color-5)","background-image":"","background-repeat":"repeat","background-position":"center center","background-size":"auto","background-attachment":"scroll","background-type":"","background-media":"","overlay-type":"","overlay-color":"","overlay-opacity":"","overlay-gradient":""},"tablet":{"background-color":"var(--ast-global-color-5)","background-image":"","background-repeat":"repeat","background-position":"center center","background-size":"auto","background-attachment":"scroll","background-type":"","background-media":"","overlay-type":"","overlay-color":"","overlay-opacity":"","overlay-gradient":""},"mobile":{"background-color":"var(--ast-global-color-5)","background-image":"","background-repeat":"repeat","background-position":"center center","background-size":"auto","background-attachment":"scroll","background-type":"","background-media":"","overlay-type":"","overlay-color":"","overlay-opacity":"","overlay-gradient":""}},"footnotes":""},"class_list":["post-1314","page","type-page","status-publish","hentry"],"yoast_head":"<!-- This site is optimized with the Yoast SEO plugin v27.3 - https:\/\/yoast.com\/product\/yoast-seo-wordpress\/ -->\n<title>Pol\u00edtica de cookies | Rehabilitaci\u00f3n de edificios en Jerez - C\u00e1diz - Oficina Agente Rehabilitador<\/title>\n<meta name=\"robots\" content=\"index, follow, max-snippet:-1, max-image-preview:large, max-video-preview:-1\" \/>\n<link rel=\"canonical\" href=\"https:\/\/oficinaagenterehabilitador.es\/index.php\/politica-de-cookies\/\" \/>\n<meta property=\"og:locale\" content=\"es_ES\" \/>\n<meta property=\"og:type\" content=\"article\" \/>\n<meta property=\"og:title\" content=\"Pol\u00edtica de cookies | Rehabilitaci\u00f3n de edificios en Jerez - C\u00e1diz - Oficina Agente Rehabilitador\" \/>\n<meta property=\"og:description\" content=\"Pol\u00edtica de Cookies 1. \u00bfQu\u00e9 son las cookies?Las cookies son peque\u00f1os archivos de texto que se almacenan en su dispositivo (ordenador, smartphone o tablet) cuando visita un sitio web. Las cookies permiten al sitio web recordar sus acciones y preferencias (como el idioma o los datos de inicio de sesi\u00f3n) durante un periodo de tiempo, [&hellip;]\" \/>\n<meta property=\"og:url\" content=\"https:\/\/oficinaagenterehabilitador.es\/index.php\/politica-de-cookies\/\" \/>\n<meta property=\"og:site_name\" content=\"Oficina Agente Rehabilitador\" \/>\n<meta property=\"article:modified_time\" content=\"2024-10-21T07:51:01+00:00\" \/>\n<meta name=\"twitter:card\" content=\"summary_large_image\" \/>\n<meta name=\"twitter:label1\" content=\"Tiempo de lectura\" \/>\n\t<meta name=\"twitter:data1\" content=\"1 minuto\" \/>\n<script type=\"application\/ld+json\" class=\"yoast-schema-graph\">{\"@context\":\"https:\\\/\\\/schema.org\",\"@graph\":[{\"@type\":\"WebPage\",\"@id\":\"https:\\\/\\\/oficinaagenterehabilitador.es\\\/index.php\\\/politica-de-cookies\\\/\",\"url\":\"https:\\\/\\\/oficinaagenterehabilitador.es\\\/index.php\\\/politica-de-cookies\\\/\",\"name\":\"Pol\u00edtica de cookies | Rehabilitaci\u00f3n de edificios en Jerez - C\u00e1diz - Oficina Agente Rehabilitador\",\"isPartOf\":{\"@id\":\"https:\\\/\\\/oficinaagenterehabilitador.es\\\/#website\"},\"datePublished\":\"2024-10-08T17:52:36+00:00\",\"dateModified\":\"2024-10-21T07:51:01+00:00\",\"breadcrumb\":{\"@id\":\"https:\\\/\\\/oficinaagenterehabilitador.es\\\/index.php\\\/politica-de-cookies\\\/#breadcrumb\"},\"inLanguage\":\"es\",\"potentialAction\":[{\"@type\":\"ReadAction\",\"target\":[\"https:\\\/\\\/oficinaagenterehabilitador.es\\\/index.php\\\/politica-de-cookies\\\/\"]}]},{\"@type\":\"BreadcrumbList\",\"@id\":\"https:\\\/\\\/oficinaagenterehabilitador.es\\\/index.php\\\/politica-de-cookies\\\/#breadcrumb\",\"itemListElement\":[{\"@type\":\"ListItem\",\"position\":1,\"name\":\"Portada\",\"item\":\"https:\\\/\\\/oficinaagenterehabilitador.es\\\/\"},{\"@type\":\"ListItem\",\"position\":2,\"name\":\"Pol\u00edtica de cookies | Rehabilitaci\u00f3n de edificios en Jerez &#8211; C\u00e1diz\"}]},{\"@type\":\"WebSite\",\"@id\":\"https:\\\/\\\/oficinaagenterehabilitador.es\\\/#website\",\"url\":\"https:\\\/\\\/oficinaagenterehabilitador.es\\\/\",\"name\":\"Rehabilitaci\u00f3n de edificios en Andaluc\u00eda | Fondos NEXT GENERATION - Oficina Agente Rehabilitador\",\"description\":\"Especialistas en rehabilitaci\u00f3n de edificios en Andaluc\u00eda, gestionamos proyectos que mejoran la eficiencia energ\u00e9tica y la accesibilidad, asegurando la tramitaci\u00f3n de fondos europeos. Ofrecemos soluciones integrales para comunidades y profesionales en todo el proceso de rehabilitaci\u00f3n estructural y energ\u00e9tica.\",\"publisher\":{\"@id\":\"https:\\\/\\\/oficinaagenterehabilitador.es\\\/#organization\"},\"potentialAction\":[{\"@type\":\"SearchAction\",\"target\":{\"@type\":\"EntryPoint\",\"urlTemplate\":\"https:\\\/\\\/oficinaagenterehabilitador.es\\\/?s={search_term_string}\"},\"query-input\":{\"@type\":\"PropertyValueSpecification\",\"valueRequired\":true,\"valueName\":\"search_term_string\"}}],\"inLanguage\":\"es\"},{\"@type\":\"Organization\",\"@id\":\"https:\\\/\\\/oficinaagenterehabilitador.es\\\/#organization\",\"name\":\"Oficina Agente Rehabilitador\",\"url\":\"https:\\\/\\\/oficinaagenterehabilitador.es\\\/\",\"logo\":{\"@type\":\"ImageObject\",\"inLanguage\":\"es\",\"@id\":\"https:\\\/\\\/oficinaagenterehabilitador.es\\\/#\\\/schema\\\/logo\\\/image\\\/\",\"url\":\"http:\\\/\\\/oficinaagenterehabilitador.es\\\/wp-content\\\/uploads\\\/2024\\\/10\\\/logotipo.png\",\"contentUrl\":\"http:\\\/\\\/oficinaagenterehabilitador.es\\\/wp-content\\\/uploads\\\/2024\\\/10\\\/logotipo.png\",\"width\":998,\"height\":681,\"caption\":\"Oficina Agente Rehabilitador\"},\"image\":{\"@id\":\"https:\\\/\\\/oficinaagenterehabilitador.es\\\/#\\\/schema\\\/logo\\\/image\\\/\"},\"sameAs\":[\"https:\\\/\\\/www.instagram.com\\\/oficinaagenterehabilitador\\\/\"]}]}<\/script>\n<!-- \/ Yoast SEO plugin. -->","yoast_head_json":{"title":"Pol\u00edtica de cookies | Rehabilitaci\u00f3n de edificios en Jerez - C\u00e1diz - Oficina Agente Rehabilitador","robots":{"index":"index","follow":"follow","max-snippet":"max-snippet:-1","max-image-preview":"max-image-preview:large","max-video-preview":"max-video-preview:-1"},"canonical":"https:\/\/oficinaagenterehabilitador.es\/index.php\/politica-de-cookies\/","og_locale":"es_ES","og_type":"article","og_title":"Pol\u00edtica de cookies | Rehabilitaci\u00f3n de edificios en Jerez - C\u00e1diz - Oficina Agente Rehabilitador","og_description":"Pol\u00edtica de Cookies 1. \u00bfQu\u00e9 son las cookies?Las cookies son peque\u00f1os archivos de texto que se almacenan en su dispositivo (ordenador, smartphone o tablet) cuando visita un sitio web. Las cookies permiten al sitio web recordar sus acciones y preferencias (como el idioma o los datos de inicio de sesi\u00f3n) durante un periodo de tiempo, [&hellip;]","og_url":"https:\/\/oficinaagenterehabilitador.es\/index.php\/politica-de-cookies\/","og_site_name":"Oficina Agente Rehabilitador","article_modified_time":"2024-10-21T07:51:01+00:00","twitter_card":"summary_large_image","twitter_misc":{"Tiempo de lectura":"1 minuto"},"schema":{"@context":"https:\/\/schema.org","@graph":[{"@type":"WebPage","@id":"https:\/\/oficinaagenterehabilitador.es\/index.php\/politica-de-cookies\/","url":"https:\/\/oficinaagenterehabilitador.es\/index.php\/politica-de-cookies\/","name":"Pol\u00edtica de cookies | Rehabilitaci\u00f3n de edificios en Jerez - C\u00e1diz - Oficina Agente Rehabilitador","isPartOf":{"@id":"https:\/\/oficinaagenterehabilitador.es\/#website"},"datePublished":"2024-10-08T17:52:36+00:00","dateModified":"2024-10-21T07:51:01+00:00","breadcrumb":{"@id":"https:\/\/oficinaagenterehabilitador.es\/index.php\/politica-de-cookies\/#breadcrumb"},"inLanguage":"es","potentialAction":[{"@type":"ReadAction","target":["https:\/\/oficinaagenterehabilitador.es\/index.php\/politica-de-cookies\/"]}]},{"@type":"BreadcrumbList","@id":"https:\/\/oficinaagenterehabilitador.es\/index.php\/politica-de-cookies\/#breadcrumb","itemListElement":[{"@type":"ListItem","position":1,"name":"Portada","item":"https:\/\/oficinaagenterehabilitador.es\/"},{"@type":"ListItem","position":2,"name":"Pol\u00edtica de cookies | Rehabilitaci\u00f3n de edificios en Jerez &#8211; C\u00e1diz"}]},{"@type":"WebSite","@id":"https:\/\/oficinaagenterehabilitador.es\/#website","url":"https:\/\/oficinaagenterehabilitador.es\/","name":"Rehabilitaci\u00f3n de edificios en Andaluc\u00eda | Fondos NEXT GENERATION - Oficina Agente Rehabilitador","description":"Especialistas en rehabilitaci\u00f3n de edificios en Andaluc\u00eda, gestionamos proyectos que mejoran la eficiencia energ\u00e9tica y la accesibilidad, asegurando la tramitaci\u00f3n de fondos europeos. Ofrecemos soluciones integrales para comunidades y profesionales en todo el proceso de rehabilitaci\u00f3n estructural y energ\u00e9tica.","publisher":{"@id":"https:\/\/oficinaagenterehabilitador.es\/#organization"},"potentialAction":[{"@type":"SearchAction","target":{"@type":"EntryPoint","urlTemplate":"https:\/\/oficinaagenterehabilitador.es\/?s={search_term_string}"},"query-input":{"@type":"PropertyValueSpecification","valueRequired":true,"valueName":"search_term_string"}}],"inLanguage":"es"},{"@type":"Organization","@id":"https:\/\/oficinaagenterehabilitador.es\/#organization","name":"Oficina Agente Rehabilitador","url":"https:\/\/oficinaagenterehabilitador.es\/","logo":{"@type":"ImageObject","inLanguage":"es","@id":"https:\/\/oficinaagenterehabilitador.es\/#\/schema\/logo\/image\/","url":"http:\/\/oficinaagenterehabilitador.es\/wp-content\/uploads\/2024\/10\/logotipo.png","contentUrl":"http:\/\/oficinaagenterehabilitador.es\/wp-content\/uploads\/2024\/10\/logotipo.png","width":998,"height":681,"caption":"Oficina Agente Rehabilitador"},"image":{"@id":"https:\/\/oficinaagenterehabilitador.es\/#\/schema\/logo\/image\/"},"sameAs":["https:\/\/www.instagram.com\/oficinaagenterehabilitador\/"]}]}},"_links":{"self":[{"href":"https:\/\/oficinaagenterehabilitador.es\/index.php\/wp-json\/wp\/v2\/pages\/1314","targetHints":{"allow":["GET"]}}],"collection":[{"href":"https:\/\/oficinaagenterehabilitador.es\/index.php\/wp-json\/wp\/v2\/pages"}],"about":[{"href":"https:\/\/oficinaagenterehabilitador.es\/index.php\/wp-json\/wp\/v2\/types\/page"}],"author":[{"embeddable":true,"href":"https:\/\/oficinaagenterehabilitador.es\/index.php\/wp-json\/wp\/v2\/users\/1"}],"replies":[{"embeddable":true,"href":"https:\/\/oficinaagenterehabilitador.es\/index.php\/wp-json\/wp\/v2\/comments?post=1314"}],"version-history":[{"count":7,"href":"https:\/\/oficinaagenterehabilitador.es\/index.php\/wp-json\/wp\/v2\/pages\/1314\/revisions"}],"predecessor-version":[{"id":1443,"href":"https:\/\/oficinaagenterehabilitador.es\/index.php\/wp-json\/wp\/v2\/pages\/1314\/revisions\/1443"}],"wp:attachment":[{"href":"https:\/\/oficinaagenterehabilitador.es\/index.php\/wp-json\/wp\/v2\/media?parent=1314"}],"curies":[{"name":"wp","href":"https:\/\/api.w.org\/{rel}","templated":true}]}}